{"id":13,"date":"2025-02-06T21:43:38","date_gmt":"2025-02-06T21:43:38","guid":{"rendered":"https:\/\/instantlegal.es\/?page_id=13"},"modified":"2026-02-03T12:21:22","modified_gmt":"2026-02-03T12:21:22","slug":"quienes-somos","status":"publish","type":"page","link":"https:\/\/instantlegal.es\/ru\/quienes-somos\/","title":{"rendered":"\u041e \u041d\u0410\u0421"},"content":{"rendered":"<div data-elementor-type=\"wp-page\" data-elementor-id=\"13\" class=\"elementor elementor-13\" data-elementor-post-type=\"page\">\n\t\t\t\t<div class=\"elementor-element elementor-element-f91ddc3 e-flex e-con-boxed e-con e-parent\" data-id=\"f91ddc3\" data-element_type=\"container\" data-settings=\"{&quot;background_background&quot;:&quot;classic&quot;}\">\n\t\t\t\t\t<div class=\"e-con-inner\">\n\t\t<div class=\"elementor-element elementor-element-f5d300b e-con-full e-flex elementor-invisible e-con e-child\" data-id=\"f5d300b\" data-element_type=\"container\" data-settings=\"{&quot;animation&quot;:&quot;fadeIn&quot;}\">\n\t\t\t\t<div class=\"elementor-element elementor-element-7e1828e elementor-widget elementor-widget-heading\" data-id=\"7e1828e\" data-element_type=\"widget\" data-widget_type=\"heading.default\">\n\t\t\t\t<div class=\"elementor-widget-container\">\n\t\t\t\t\t<h1 class=\"elementor-heading-title elementor-size-default\">\u041c\u044b \u043e\u0431\u0435\u0441\u043f\u0435\u0447\u0438\u043c \u043f\u043e\u0434\u0434\u0435\u0440\u0436\u043a\u0443 \u0434\u043b\u044f \u0432\u0430\u0448\u0435\u0439 \u0443\u0441\u043f\u0435\u0448\u043d\u043e\u0439 \u043f\u0440\u0435\u0434\u043f\u0440\u0438\u043d\u0438\u043c\u0430\u0442\u0435\u043b\u044c\u0441\u043a\u043e\u0439 \u0434\u0435\u044f\u0442\u0435\u043b\u044c\u043d\u043e\u0441\u0442\u0438<\/h1>\t\t\t\t<\/div>\n\t\t\t\t<\/div>\n\t\t\t\t<div class=\"elementor-element elementor-element-f2570be elementor-widget elementor-widget-text-editor\" data-id=\"f2570be\" data-element_type=\"widget\" data-widget_type=\"text-editor.default\">\n\t\t\t\t<div class=\"elementor-widget-container\">\n\t\t\t\t\t\t\t\t\t<p>InstantLegal \u2014 \u044d\u0442\u043e \u0443\u0432\u0435\u0440\u0435\u043d\u043d\u043e\u0441\u0442\u044c \u0438 \u0441\u043f\u043e\u043a\u043e\u0439\u0441\u0442\u0432\u0438\u0435 \u0432 \u044e\u0440\u0438\u0434\u0438\u0447\u0435\u0441\u043a\u0438\u0445 \u0438 \u043d\u0430\u043b\u043e\u0433\u043e\u0432\u044b\u0445 \u0432\u043e\u043f\u0440\u043e\u0441\u0430\u0445. \u041c\u044b \u0437\u0430\u0431\u043e\u0442\u0438\u043c\u0441\u044f \u043e \u0432\u0430\u0448\u0435\u043c \u0431\u0438\u0437\u043d\u0435\u0441\u0435 \u0441 \u043f\u0440\u0435\u0434\u0430\u043d\u043d\u043e\u0441\u0442\u044c\u044e \u0438 \u0432\u043d\u0438\u043c\u0430\u043d\u0438\u0435\u043c, \u043a\u0430\u043a \u043e \u0441\u0432\u043e\u0451\u043c \u0441\u043e\u0431\u0441\u0442\u0432\u0435\u043d\u043d\u043e\u043c.<\/p>\t\t\t\t\t\t\t\t<\/div>\n\t\t\t\t<\/div>\n\t\t\t\t<div class=\"elementor-element elementor-element-7803dfe elementor-widget elementor-widget-button\" data-id=\"7803dfe\" data-element_type=\"widget\" data-widget_type=\"button.default\">\n\t\t\t\t<div class=\"elementor-widget-container\">\n\t\t\t\t\t\t\t\t\t<div class=\"elementor-button-wrapper\">\n\t\t\t\t\t<a class=\"elementor-button elementor-button-link elementor-size-sm\" href=\"https:\/\/instantlegal.es\/ru\/contacto\/\">\n\t\t\t\t\t\t<span class=\"elementor-button-content-wrapper\">\n\t\t\t\t\t\t\t\t\t<span class=\"elementor-button-text\">\u0421\u0412\u042f\u0417\u0410\u0422\u042c\u0421\u042f<\/span>\n\t\t\t\t\t<\/span>\n\t\t\t\t\t<\/a>\n\t\t\t\t<\/div>\n\t\t\t\t\t\t\t\t<\/div>\n\t\t\t\t<\/div>\n\t\t\t\t<\/div>\n\t\t\t\t\t<\/div>\n\t\t\t\t<\/div>\n\t\t<div class=\"elementor-element elementor-element-a6438c3 e-flex e-con-boxed e-con e-parent\" data-id=\"a6438c3\" data-element_type=\"container\" data-settings=\"{&quot;background_background&quot;:&quot;classic&quot;}\">\n\t\t\t\t\t<div class=\"e-con-inner\">\n\t\t\t\t<div class=\"elementor-element elementor-element-470e74f elementor-widget__width-initial elementor-widget-tablet__width-inherit elementor-invisible elementor-widget elementor-widget-image\" data-id=\"470e74f\" data-element_type=\"widget\" data-settings=\"{&quot;_animation&quot;:&quot;fadeInLeft&quot;}\" data-widget_type=\"image.default\">\n\t\t\t\t<div class=\"elementor-widget-container\">\n\t\t\t\t\t\t\t\t\t\t\t\t\t\t\t<img fetchpriority=\"high\" decoding=\"async\" width=\"548\" height=\"720\" src=\"https:\/\/instantlegal.es\/wp-content\/uploads\/2026\/02\/DSC04825_cleanup-1.png\" class=\"attachment-full size-full wp-image-481\" alt=\"\" srcset=\"https:\/\/instantlegal.es\/wp-content\/uploads\/2026\/02\/DSC04825_cleanup-1.png 548w, https:\/\/instantlegal.es\/wp-content\/uploads\/2026\/02\/DSC04825_cleanup-1-228x300.png 228w, https:\/\/instantlegal.es\/wp-content\/uploads\/2026\/02\/DSC04825_cleanup-1-9x12.png 9w\" sizes=\"(max-width: 548px) 100vw, 548px\" \/>\t\t\t\t\t\t\t\t\t\t\t\t\t\t\t<\/div>\n\t\t\t\t<\/div>\n\t\t<div class=\"elementor-element elementor-element-13c85be e-con-full e-flex e-con e-child\" data-id=\"13c85be\" data-element_type=\"container\">\n\t\t\t\t<div class=\"elementor-element elementor-element-824869a elementor-widget elementor-widget-heading\" data-id=\"824869a\" data-element_type=\"widget\" data-widget_type=\"heading.default\">\n\t\t\t\t<div class=\"elementor-widget-container\">\n\t\t\t\t\t<h2 class=\"elementor-heading-title elementor-size-default\">\u0412 InstantLegal \u043c\u044b \u043f\u043e\u043d\u0438\u043c\u0430\u0435\u043c, \u043a\u0430\u043a \u0432\u0430\u0436\u0435\u043d \u0432\u0430\u0448 \u0431\u0438\u0437\u043d\u0435\u0441 \u0434\u043b\u044f \u0432\u0430\u0441.<\/h2>\t\t\t\t<\/div>\n\t\t\t\t<\/div>\n\t\t\t\t<div class=\"elementor-element elementor-element-ef7a22f elementor-widget elementor-widget-text-editor\" data-id=\"ef7a22f\" data-element_type=\"widget\" data-widget_type=\"text-editor.default\">\n\t\t\t\t<div class=\"elementor-widget-container\">\n\t\t\t\t\t\t\t\t\t<p>\u041c\u044b \u0437\u0434\u0435\u0441\u044c, \u0447\u0442\u043e\u0431\u044b \u043f\u043e\u0434\u0434\u0435\u0440\u0436\u0438\u0432\u0430\u0442\u044c \u0432\u0430\u0441 \u043d\u0430 \u043a\u0430\u0436\u0434\u043e\u043c \u0448\u0430\u0433\u0443, \u0440\u0430\u0437\u0434\u0435\u043b\u044f\u044f \u0432\u0430\u0448\u0443 \u0441\u0442\u0440\u0430\u0441\u0442\u044c \u0438 \u043f\u0440\u0435\u0434\u0430\u043d\u043d\u043e\u0441\u0442\u044c \u0434\u0435\u043b\u0443.<\/p>\t\t\t\t\t\t\t\t<\/div>\n\t\t\t\t<\/div>\n\t\t\t\t<\/div>\n\t\t\t\t\t<\/div>\n\t\t\t\t<\/div>\n\t\t<div class=\"elementor-element elementor-element-464fff6 e-flex e-con-boxed e-con e-parent\" data-id=\"464fff6\" data-element_type=\"container\" data-settings=\"{&quot;background_background&quot;:&quot;classic&quot;}\">\n\t\t\t\t\t<div class=\"e-con-inner\">\n\t\t<div class=\"elementor-element elementor-element-941625f e-con-full e-flex elementor-invisible e-con e-child\" data-id=\"941625f\" data-element_type=\"container\" data-settings=\"{&quot;background_background&quot;:&quot;classic&quot;,&quot;animation&quot;:&quot;fadeIn&quot;}\">\n\t\t\t\t<div class=\"elementor-element elementor-element-01864ff elementor-widget__width-initial elementor-widget-tablet__width-inherit elementor-widget elementor-widget-image\" data-id=\"01864ff\" data-element_type=\"widget\" data-widget_type=\"image.default\">\n\t\t\t\t<div class=\"elementor-widget-container\">\n\t\t\t\t\t\t\t\t\t\t\t\t\t\t\t<img decoding=\"async\" width=\"462\" height=\"662\" src=\"https:\/\/instantlegal.es\/wp-content\/uploads\/2025\/02\/Jose-manuel.png\" class=\"attachment-full size-full wp-image-87\" alt=\"\" srcset=\"https:\/\/instantlegal.es\/wp-content\/uploads\/2025\/02\/Jose-manuel.png 462w, https:\/\/instantlegal.es\/wp-content\/uploads\/2025\/02\/Jose-manuel-209x300.png 209w\" sizes=\"(max-width: 462px) 100vw, 462px\" \/>\t\t\t\t\t\t\t\t\t\t\t\t\t\t\t<\/div>\n\t\t\t\t<\/div>\n\t\t<div class=\"elementor-element elementor-element-328f2f6 e-con-full e-flex e-con e-child\" data-id=\"328f2f6\" data-element_type=\"container\">\n\t\t\t\t<div class=\"elementor-element elementor-element-428f681 elementor-widget elementor-widget-heading\" data-id=\"428f681\" data-element_type=\"widget\" data-widget_type=\"heading.default\">\n\t\t\t\t<div class=\"elementor-widget-container\">\n\t\t\t\t\t<h2 class=\"elementor-heading-title elementor-size-default\">Jos\u00e9 Manuel P\u00e9rez<\/h2>\t\t\t\t<\/div>\n\t\t\t\t<\/div>\n\t\t\t\t<div class=\"elementor-element elementor-element-77c1fe2 elementor-widget elementor-widget-text-editor\" data-id=\"77c1fe2\" data-element_type=\"widget\" data-widget_type=\"text-editor.default\">\n\t\t\t\t<div class=\"elementor-widget-container\">\n\t\t\t\t\t\t\t\t\t<p>Estudi\u00e9 Relaciones Laborales (Graduado Social) especializ\u00e1ndome en Extranjer\u00eda y Derecho Laboral Internacional y m\u00e1s tarde realic\u00e9 un M\u00e1ster en Relaciones Internacionales (RRII). La experiencia que obtuve trabajando en la Universidad de Barcelona en el departamento de RRII y Extranjer\u00eda, como responsable de Proyectos Internacionales, me puso en contacto con los enormes problemas que surgen cuando estudiantes y trabajadores se proponen formalizar sus permisos para permanecer de forma regular en Espa\u00f1a. La suma de\u00a0 experiencia, de inquietud y sensibilidad por solucionar los colapsos del sistema de Extranjer\u00eda, fructific\u00f3 en un proyecto de asesoramiento para agilizar estos procesos de una forma moderna y con un estilo m\u00e1s actual en un mundo ligado a la tecnolog\u00eda.<\/p><p>\u0422\u0430\u043a \u0440\u043e\u0434\u0438\u043b\u0441\u044f \u043d\u0430\u0448 \u043f\u0440\u043e\u0435\u043a\u0442 \u2014 \u0440\u0435\u0437\u0443\u043b\u044c\u0442\u0430\u0442 \u043e\u043f\u044b\u0442\u0430 \u0432 \u0440\u0435\u0448\u0435\u043d\u0438\u0438 \u0441\u043b\u043e\u0436\u043d\u044b\u0445 \u043c\u0438\u0433\u0440\u0430\u0446\u0438\u043e\u043d\u043d\u044b\u0445 \u0432\u043e\u043f\u0440\u043e\u0441\u043e\u0432 \u0438 \u043c\u0430\u0441\u0442\u0435\u0440\u0441\u0442\u0432\u0430 \u0440\u0430\u0431\u043e\u0442\u044b \u0441 \u0418\u041a\u0422 (\u0438\u043d\u0444\u043e\u0440\u043c\u0430\u0446\u0438\u043e\u043d\u043d\u043e-\u043a\u043e\u043c\u043c\u0443\u043d\u0438\u043a\u0430\u0446\u0438\u043e\u043d\u043d\u044b\u043c\u0438 \u0442\u0435\u0445\u043d\u043e\u043b\u043e\u0433\u0438\u044f\u043c\u0438). \u0411\u043b\u0430\u0433\u043e\u0434\u0430\u0440\u044f \u044d\u0442\u043e\u043c\u0443 \u043c\u044b \u043d\u0435 \u043f\u0440\u043e\u0441\u0442\u043e \u0435\u0449\u0451 \u043e\u0434\u043d\u0430 \u044e\u0440\u0438\u0434\u0438\u0447\u0435\u0441\u043a\u0430\u044f \u043a\u043e\u043c\u043f\u0430\u043d\u0438\u044f \u2014 \u043c\u044b \u0432\u0430\u0448 \u0431\u044b\u0441\u0442\u0440\u044b\u0439 \u0438 \u043d\u0430\u0434\u0451\u0436\u043d\u044b\u0439 \u043f\u0430\u0440\u0442\u043d\u0451\u0440 \u0432 \u043c\u0438\u0440\u0435 \u0441\u043e\u0432\u0440\u0435\u043c\u0435\u043d\u043d\u044b\u0445 \u0442\u0435\u0445\u043d\u043e\u043b\u043e\u0433\u0438\u0439 \u0438 \u043f\u0440\u0430\u0432\u0430. \u042e\u0440\u0438\u0434\u0438\u0447\u0435\u0441\u043a\u0438\u0435 \u0443\u0441\u043b\u0443\u0433\u0438 \u043c\u0433\u043d\u043e\u0432\u0435\u043d\u043d\u043e \u2014 \u044d\u0442\u043e InstantLegal.<\/p>\t\t\t\t\t\t\t\t<\/div>\n\t\t\t\t<\/div>\n\t\t\t\t<\/div>\n\t\t\t\t<\/div>\n\t\t\t\t\t<\/div>\n\t\t\t\t<\/div>\n\t\t<div class=\"elementor-element elementor-element-6636f28 e-flex e-con-boxed e-con e-parent\" data-id=\"6636f28\" data-element_type=\"container\">\n\t\t\t\t\t<div class=\"e-con-inner\">\n\t\t\t\t\t<\/div>\n\t\t\t\t<\/div>\n\t\t\t\t<\/div>","protected":false},"excerpt":{"rendered":"<p>Te ayudamos a lograr una vida empresarial exitosa InstantLegal nace con la firme convicci\u00f3n de ofrecer experiencias satisfactorias en servicios legales. Damos la tranquilidad de saber que alguien cuida de tu empresa con el mismo compromiso y dedicaci\u00f3n como si fuera propia. CONTACTO En InstantLegal, entendemos la importancia de tu negocio Estamos aqu\u00ed para apoyarte [&hellip;]<\/p>","protected":false},"author":1,"featured_media":0,"parent":0,"menu_order":0,"comment_status":"closed","ping_status":"closed","template":"","meta":{"_acf_changed":false,"footnotes":""},"class_list":["post-13","page","type-page","status-publish","hentry"],"acf":[],"_links":{"self":[{"href":"https:\/\/instantlegal.es\/ru\/wp-json\/wp\/v2\/pages\/13","targetHints":{"allow":["GET"]}}],"collection":[{"href":"https:\/\/instantlegal.es\/ru\/wp-json\/wp\/v2\/pages"}],"about":[{"href":"https:\/\/instantlegal.es\/ru\/wp-json\/wp\/v2\/types\/page"}],"author":[{"embeddable":true,"href":"https:\/\/instantlegal.es\/ru\/wp-json\/wp\/v2\/users\/1"}],"replies":[{"embeddable":true,"href":"https:\/\/instantlegal.es\/ru\/wp-json\/wp\/v2\/comments?post=13"}],"version-history":[{"count":37,"href":"https:\/\/instantlegal.es\/ru\/wp-json\/wp\/v2\/pages\/13\/revisions"}],"predecessor-version":[{"id":487,"href":"https:\/\/instantlegal.es\/ru\/wp-json\/wp\/v2\/pages\/13\/revisions\/487"}],"wp:attachment":[{"href":"https:\/\/instantlegal.es\/ru\/wp-json\/wp\/v2\/media?parent=13"}],"curies":[{"name":"wp","href":"https:\/\/api.w.org\/{rel}","templated":true}]}}