{"id":102,"date":"2025-02-07T19:02:49","date_gmt":"2025-02-07T19:02:49","guid":{"rendered":"https:\/\/instantlegal.es\/?page_id=102"},"modified":"2025-05-14T10:48:44","modified_gmt":"2025-05-14T10:48:44","slug":"asesoria-y-consultoria","status":"publish","type":"page","link":"https:\/\/instantlegal.es\/ru\/asesoria-y-consultoria\/","title":{"rendered":"\u041a\u043e\u043d\u0441\u0443\u043b\u044c\u0442\u0438\u0440\u043e\u0432\u0430\u043d\u0438\u0435"},"content":{"rendered":"<div data-elementor-type=\"wp-page\" data-elementor-id=\"102\" class=\"elementor elementor-102\" data-elementor-post-type=\"page\">\n\t\t\t\t<div class=\"elementor-element elementor-element-f2fdbc8 e-flex e-con-boxed e-con e-parent\" data-id=\"f2fdbc8\" data-element_type=\"container\" data-settings=\"{&quot;background_background&quot;:&quot;classic&quot;}\">\n\t\t\t\t\t<div class=\"e-con-inner\">\n\t\t<div class=\"elementor-element elementor-element-21ba02c e-con-full e-flex elementor-invisible e-con e-child\" data-id=\"21ba02c\" data-element_type=\"container\" data-settings=\"{&quot;animation&quot;:&quot;fadeIn&quot;}\">\n\t\t\t\t<div class=\"elementor-element elementor-element-826cc4a elementor-widget elementor-widget-heading\" data-id=\"826cc4a\" data-element_type=\"widget\" data-widget_type=\"heading.default\">\n\t\t\t\t<div class=\"elementor-widget-container\">\n\t\t\t\t\t<h1 class=\"elementor-heading-title elementor-size-default\">\u041a\u043e\u043d\u0441\u0443\u043b\u044c\u0442\u0438\u0440\u043e\u0432\u0430\u043d\u0438\u0435<\/h1>\t\t\t\t<\/div>\n\t\t\t\t<\/div>\n\t\t\t\t<div class=\"elementor-element elementor-element-2eb9e9a elementor-widget elementor-widget-heading\" data-id=\"2eb9e9a\" data-element_type=\"widget\" data-widget_type=\"heading.default\">\n\t\t\t\t<div class=\"elementor-widget-container\">\n\t\t\t\t\t<h2 class=\"elementor-heading-title elementor-size-default\">\u041d\u0438\u043a\u0430\u043a\u0438\u0445 \u0448\u0430\u0431\u043b\u043e\u043d\u043e\u0432 \u2014 \u0442\u043e\u043b\u044c\u043a\u043e \u043f\u0435\u0440\u0441\u043e\u043d\u0430\u043b\u044c\u043d\u044b\u0435 \u0440\u0435\u0448\u0435\u043d\u0438\u044f \u0434\u043b\u044f \u0432\u0430\u0448\u0435\u0439 \u0441\u0438\u0442\u0443\u0430\u0446\u0438\u0438.\n\n<\/h2>\t\t\t\t<\/div>\n\t\t\t\t<\/div>\n\t\t\t\t<div class=\"elementor-element elementor-element-b752475 elementor-widget elementor-widget-text-editor\" data-id=\"b752475\" data-element_type=\"widget\" data-widget_type=\"text-editor.default\">\n\t\t\t\t<div class=\"elementor-widget-container\">\n\t\t\t\t\t\t\t\t\t<p>\u041c\u044b \u0433\u043b\u0443\u0431\u043e\u043a\u043e \u0430\u043d\u0430\u043b\u0438\u0437\u0438\u0440\u0443\u0435\u043c \u043f\u043e\u0442\u0440\u0435\u0431\u043d\u043e\u0441\u0442\u0438 \u0432\u0430\u0448\u0435\u0439 \u043a\u043e\u043c\u043f\u0430\u043d\u0438\u0438, \u0447\u0442\u043e\u0431\u044b \u043f\u0440\u0435\u0434\u043b\u043e\u0436\u0438\u0442\u044c \u0441\u0442\u0440\u0430\u0442\u0435\u0433\u0438\u0447\u0435\u0441\u043a\u0438\u0435 \u0438 \u044d\u0444\u0444\u0435\u043a\u0442\u0438\u0432\u043d\u044b\u0435 \u0440\u0435\u0448\u0435\u043d\u0438\u044f.\n\u041f\u0440\u0438\u043c\u0435\u043d\u044f\u0435\u043c \u0438\u043d\u0434\u0438\u0432\u0438\u0434\u0443\u0430\u043b\u044c\u043d\u044b\u0439 \u043f\u043e\u0434\u0445\u043e\u0434, \u0447\u0442\u043e\u0431\u044b \u043e\u043f\u0442\u0438\u043c\u0438\u0437\u0438\u0440\u043e\u0432\u0430\u0442\u044c \u0443\u043f\u0440\u0430\u0432\u043b\u0435\u043d\u0438\u0435 \u0438 \u0441\u043f\u043e\u0441\u043e\u0431\u0441\u0442\u0432\u043e\u0432\u0430\u0442\u044c \u0440\u043e\u0441\u0442\u0443 \u0432\u0430\u0448\u0435\u0433\u043e \u0431\u0438\u0437\u043d\u0435\u0441\u0430. \u0414\u043e\u0432\u0435\u0440\u044c\u0442\u0435\u0441\u044c \u043d\u0430\u0448\u0435\u043c\u0443 \u043e\u043f\u044b\u0442\u0443 \u2014 \u0438 \u043f\u0440\u0438\u043d\u0438\u043c\u0430\u0439\u0442\u0435 \u0443\u0432\u0435\u0440\u0435\u043d\u043d\u044b\u0435 \u0438 \u0442\u043e\u0447\u043d\u044b\u0435 \u0440\u0435\u0448\u0435\u043d\u0438\u044f.<\/p>\t\t\t\t\t\t\t\t<\/div>\n\t\t\t\t<\/div>\n\t\t\t\t<div class=\"elementor-element elementor-element-50207de elementor-widget elementor-widget-button\" data-id=\"50207de\" data-element_type=\"widget\" data-widget_type=\"button.default\">\n\t\t\t\t<div class=\"elementor-widget-container\">\n\t\t\t\t\t\t\t\t\t<div class=\"elementor-button-wrapper\">\n\t\t\t\t\t<a class=\"elementor-button elementor-button-link elementor-size-sm\" href=\"https:\/\/instantlegal.es\/ru\/contacto\/\">\n\t\t\t\t\t\t<span class=\"elementor-button-content-wrapper\">\n\t\t\t\t\t\t\t\t\t<span class=\"elementor-button-text\">\u0421\u0412\u042f\u0417\u0410\u0422\u042c\u0421\u042f<\/span>\n\t\t\t\t\t<\/span>\n\t\t\t\t\t<\/a>\n\t\t\t\t<\/div>\n\t\t\t\t\t\t\t\t<\/div>\n\t\t\t\t<\/div>\n\t\t\t\t<\/div>\n\t\t\t\t\t<\/div>\n\t\t\t\t<\/div>\n\t\t<div class=\"elementor-element elementor-element-e5e91ab e-flex e-con-boxed e-con e-parent\" data-id=\"e5e91ab\" data-element_type=\"container\" data-settings=\"{&quot;background_background&quot;:&quot;classic&quot;}\">\n\t\t\t\t\t<div class=\"e-con-inner\">\n\t\t<div class=\"elementor-element elementor-element-8fcb833 e-con-full e-flex elementor-invisible e-con e-child\" data-id=\"8fcb833\" data-element_type=\"container\" data-settings=\"{&quot;background_background&quot;:&quot;classic&quot;,&quot;animation&quot;:&quot;zoomIn&quot;}\">\n\t\t\t\t<div class=\"elementor-element elementor-element-6828310 elementor-widget elementor-widget-image\" data-id=\"6828310\" data-element_type=\"widget\" data-widget_type=\"image.default\">\n\t\t\t\t<div class=\"elementor-widget-container\">\n\t\t\t\t\t\t\t\t\t\t\t\t\t\t\t<img decoding=\"async\" width=\"55\" height=\"56\" src=\"https:\/\/instantlegal.es\/wp-content\/uploads\/2025\/04\/identidad-1.svg\" class=\"attachment-full size-full wp-image-325\" alt=\"\" \/>\t\t\t\t\t\t\t\t\t\t\t\t\t\t\t<\/div>\n\t\t\t\t<\/div>\n\t\t\t\t<div class=\"elementor-element elementor-element-8ed0a9e elementor-widget elementor-widget-heading\" data-id=\"8ed0a9e\" data-element_type=\"widget\" data-widget_type=\"heading.default\">\n\t\t\t\t<div class=\"elementor-widget-container\">\n\t\t\t\t\t<h2 class=\"elementor-heading-title elementor-size-default\">\u041d\u0430\u043b\u043e\u0433\u043e\u0432\u044b\u0435 \u043a\u043e\u043d\u0441\u0443\u043b\u044c\u0442\u0430\u0446\u0438\u043e\u043d\u043d\u044b\u0435 \u0443\u0441\u043b\u0443\u0433\u0438:<\/h2>\t\t\t\t<\/div>\n\t\t\t\t<\/div>\n\t\t\t\t<div class=\"elementor-element elementor-element-9f6893a elementor-widget elementor-widget-text-editor\" data-id=\"9f6893a\" data-element_type=\"widget\" data-widget_type=\"text-editor.default\">\n\t\t\t\t<div class=\"elementor-widget-container\">\n\t\t\t\t\t\t\t\t\t<p>\u041c\u044b \u043e\u0431\u0435\u0441\u043f\u0435\u0447\u0438\u0432\u0430\u0435\u043c \u043f\u043e\u043b\u043d\u043e\u0435 \u0441\u043e\u0431\u043b\u044e\u0434\u0435\u043d\u0438\u0435 \u0432\u0430\u0448\u0435\u0439 \u043a\u043e\u043c\u043f\u0430\u043d\u0438\u0435\u0439 \u0432\u0441\u0435\u0445 \u043d\u0430\u043b\u043e\u0433\u043e\u0432\u044b\u0445 \u043e\u0431\u044f\u0437\u0430\u0442\u0435\u043b\u044c\u0441\u0442\u0432 \u0438 \u043f\u043e\u043c\u043e\u0433\u0430\u0435\u043c \u043c\u0430\u043a\u0441\u0438\u043c\u0430\u043b\u044c\u043d\u043e \u0438\u0441\u043f\u043e\u043b\u044c\u0437\u043e\u0432\u0430\u0442\u044c \u0434\u043e\u0441\u0442\u0443\u043f\u043d\u044b\u0435 \u0437\u0430\u043a\u043e\u043d\u043e\u0434\u0430\u0442\u0435\u043b\u044c\u043d\u044b\u0435 \u043f\u0440\u0435\u0438\u043c\u0443\u0449\u0435\u0441\u0442\u0432\u0430.<\/p><ul><li>\u041d\u0430\u043b\u043e\u0433\u043e\u0432\u043e\u0435 \u043f\u043b\u0430\u043d\u0438\u0440\u043e\u0432\u0430\u043d\u0438\u0435: \u0441\u043e\u0437\u0434\u0430\u0451\u043c \u044d\u0444\u0444\u0435\u043a\u0442\u0438\u0432\u043d\u0443\u044e \u0441\u0442\u0440\u0443\u043a\u0442\u0443\u0440\u0443 \u0432\u0430\u0448\u0435\u0433\u043e \u0431\u0438\u0437\u043d\u0435\u0441\u0430, \u0447\u0442\u043e\u0431\u044b \u0441\u043d\u0438\u0437\u0438\u0442\u044c \u043d\u0430\u043b\u043e\u0433\u043e\u0432\u0443\u044e \u043d\u0430\u0433\u0440\u0443\u0437\u043a\u0443 \u0438 \u043f\u043e\u0432\u044b\u0441\u0438\u0442\u044c \u0444\u0438\u043d\u0430\u043d\u0441\u043e\u0432\u0443\u044e \u0443\u0441\u0442\u043e\u0439\u0447\u0438\u0432\u043e\u0441\u0442\u044c. \u041e\u043f\u0442\u0438\u043c\u0438\u0437\u0430\u0446\u0438\u044f, \u043a\u043e\u0442\u043e\u0440\u0430\u044f \u0440\u0430\u0431\u043e\u0442\u0430\u0435\u0442 \u043d\u0430 \u0432\u0430\u0441!<\/li><li>\u0421\u043e\u0431\u043b\u044e\u0434\u0435\u043d\u0438\u0435 \u043d\u0430\u043b\u043e\u0433\u043e\u0432\u044b\u0445 \u043e\u0431\u044f\u0437\u0430\u0442\u0435\u043b\u044c\u0441\u0442\u0432: \u043f\u043e\u043c\u043e\u0433\u0430\u0435\u043c \u0432\u0430\u043c \u043f\u0440\u0430\u0432\u0438\u043b\u044c\u043d\u043e \u0438 \u0441\u0432\u043e\u0435\u0432\u0440\u0435\u043c\u0435\u043d\u043d\u043e \u043f\u043e\u0434\u0430\u0432\u0430\u0442\u044c \u043d\u0430\u043b\u043e\u0433\u043e\u0432\u044b\u0435 \u0434\u0435\u043a\u043b\u0430\u0440\u0430\u0446\u0438\u0438 \u0438 \u0441\u043e\u0431\u043b\u044e\u0434\u0430\u0442\u044c \u043c\u0435\u0441\u0442\u043d\u044b\u0435 \u0438 \u043d\u0430\u0446\u0438\u043e\u043d\u0430\u043b\u044c\u043d\u044b\u0435 \u043d\u043e\u0440\u043c\u0430\u0442\u0438\u0432\u043d\u044b\u0435 \u0430\u043a\u0442\u044b.<\/li><li>\u041d\u0430\u043b\u043e\u0433\u043e\u0432\u043e\u0435 \u043a\u043e\u043d\u0441\u0443\u043b\u044c\u0442\u0438\u0440\u043e\u0432\u0430\u043d\u0438\u0435: \u043f\u043e\u043c\u043e\u0433\u0430\u0435\u043c \u0433\u0440\u0430\u043c\u043e\u0442\u043d\u043e \u0443\u043f\u0440\u0430\u0432\u043b\u044f\u0442\u044c \u043f\u0440\u044f\u043c\u044b\u043c\u0438 \u0438 \u043a\u043e\u0441\u0432\u0435\u043d\u043d\u044b\u043c\u0438 \u043d\u0430\u043b\u043e\u0433\u0430\u043c\u0438, \u0447\u0442\u043e\u0431\u044b \u0432\u044b \u043c\u043e\u0433\u043b\u0438 \u043c\u0430\u043a\u0441\u0438\u043c\u0430\u043b\u044c\u043d\u043e \u044d\u0444\u0444\u0435\u043a\u0442\u0438\u0432\u043d\u043e \u0438\u0441\u043f\u043e\u043b\u044c\u0437\u043e\u0432\u0430\u0442\u044c \u0441\u0432\u043e\u0438 \u0440\u0435\u0441\u0443\u0440\u0441\u044b.<\/li><\/ul>\t\t\t\t\t\t\t\t<\/div>\n\t\t\t\t<\/div>\n\t\t\t\t<\/div>\n\t\t<div class=\"elementor-element elementor-element-097bd9b e-con-full e-flex elementor-invisible e-con e-child\" data-id=\"097bd9b\" data-element_type=\"container\" data-settings=\"{&quot;background_background&quot;:&quot;classic&quot;,&quot;animation&quot;:&quot;zoomIn&quot;,&quot;animation_delay&quot;:90}\">\n\t\t\t\t<div class=\"elementor-element elementor-element-8d4e5de elementor-widget elementor-widget-image\" data-id=\"8d4e5de\" data-element_type=\"widget\" data-widget_type=\"image.default\">\n\t\t\t\t<div class=\"elementor-widget-container\">\n\t\t\t\t\t\t\t\t\t\t\t\t\t\t\t<img decoding=\"async\" width=\"56\" height=\"56\" src=\"https:\/\/instantlegal.es\/wp-content\/uploads\/2025\/04\/maleta-1-1.svg\" class=\"attachment-full size-full wp-image-327\" alt=\"\" \/>\t\t\t\t\t\t\t\t\t\t\t\t\t\t\t<\/div>\n\t\t\t\t<\/div>\n\t\t\t\t<div class=\"elementor-element elementor-element-f92cc88 elementor-widget elementor-widget-heading\" data-id=\"f92cc88\" data-element_type=\"widget\" data-widget_type=\"heading.default\">\n\t\t\t\t<div class=\"elementor-widget-container\">\n\t\t\t\t\t<h2 class=\"elementor-heading-title elementor-size-default\">\u042e\u0440\u0438\u0434\u0438\u0447\u0435\u0441\u043a\u043e\u0435 \u0441\u043e\u043f\u0440\u043e\u0432\u043e\u0436\u0434\u0435\u043d\u0438\u0435 \u0431\u0438\u0437\u043d\u0435\u0441\u0430:<\/h2>\t\t\t\t<\/div>\n\t\t\t\t<\/div>\n\t\t\t\t<div class=\"elementor-element elementor-element-4339d56 elementor-widget elementor-widget-text-editor\" data-id=\"4339d56\" data-element_type=\"widget\" data-widget_type=\"text-editor.default\">\n\t\t\t\t<div class=\"elementor-widget-container\">\n\t\t\t\t\t\t\t\t\t<p>\u041c\u044b \u043f\u0440\u0435\u0434\u043b\u0430\u0433\u0430\u0435\u043c \u043a\u043e\u043c\u043f\u043b\u0435\u043a\u0441\u043d\u043e\u0435 \u044e\u0440\u0438\u0434\u0438\u0447\u0435\u0441\u043a\u043e\u0435 \u0441\u043e\u043f\u0440\u043e\u0432\u043e\u0436\u0434\u0435\u043d\u0438\u0435, \u0447\u0442\u043e\u0431\u044b \u0432\u0430\u0448 \u0431\u0438\u0437\u043d\u0435\u0441 \u0440\u0430\u0431\u043e\u0442\u0430\u043b \u043b\u0435\u0433\u0430\u043b\u044c\u043d\u043e, \u0441\u043e\u0431\u043b\u044e\u0434\u0430\u044f \u0432\u0441\u0435 \u043d\u043e\u0440\u043c\u044b \u0438 \u0438\u0437\u0431\u0435\u0433\u0430\u044f \u043d\u0435\u043d\u0443\u0436\u043d\u044b\u0445 \u044e\u0440\u0438\u0434\u0438\u0447\u0435\u0441\u043a\u0438\u0445 \u0440\u0438\u0441\u043a\u043e\u0432.<\/p><ul><li>\u0421\u043e\u0437\u0434\u0430\u043d\u0438\u0435 \u043a\u043e\u043c\u043f\u0430\u043d\u0438\u0439: \u043f\u043e\u043c\u043e\u0433\u0430\u0435\u043c \u0432\u044b\u0431\u0440\u0430\u0442\u044c \u043e\u043f\u0442\u0438\u043c\u0430\u043b\u044c\u043d\u0443\u044e \u044e\u0440\u0438\u0434\u0438\u0447\u0435\u0441\u043a\u0443\u044e \u0444\u043e\u0440\u043c\u0443 \u0434\u043b\u044f \u0432\u0430\u0448\u0435\u0433\u043e \u0431\u0438\u0437\u043d\u0435\u0441\u0430 (\u041e\u041e\u041e, \u0438\u043d\u0434\u0438\u0432\u0438\u0434\u0443\u0430\u043b\u044c\u043d\u044b\u0439 \u043f\u0440\u0435\u0434\u043f\u0440\u0438\u043d\u0438\u043c\u0430\u0442\u0435\u043b\u044c \u0438 \u0434\u0440.), \u043e\u0431\u0435\u0441\u043f\u0435\u0447\u0438\u0432\u0430\u044f \u043f\u043e\u043b\u043d\u043e\u0435 \u0441\u043e\u0431\u043b\u044e\u0434\u0435\u043d\u0438\u0435 \u0432\u0441\u0435\u0445 \u044e\u0440\u0438\u0434\u0438\u0447\u0435\u0441\u043a\u0438\u0445 \u0442\u0440\u0435\u0431\u043e\u0432\u0430\u043d\u0438\u0439.<\/li><li>\u041a\u043e\u043c\u043c\u0435\u0440\u0447\u0435\u0441\u043a\u0438\u0435 \u043a\u043e\u043d\u0442\u0440\u0430\u043a\u0442\u044b: \u0441\u043e\u0441\u0442\u0430\u0432\u043b\u044f\u0435\u043c \u0438 \u043f\u0440\u043e\u0432\u0435\u0440\u044f\u0435\u043c \u0434\u043e\u0433\u043e\u0432\u043e\u0440\u044b, \u0441\u043e\u0433\u043b\u0430\u0448\u0435\u043d\u0438\u044f \u043e \u043f\u0430\u0440\u0442\u043d\u0451\u0440\u0441\u0442\u0432\u0435, \u0430\u0440\u0435\u043d\u0434\u0435 \u0438 \u0434\u0440\u0443\u0433\u0438\u0435 \u043a\u043b\u044e\u0447\u0435\u0432\u044b\u0435 \u044e\u0440\u0438\u0434\u0438\u0447\u0435\u0441\u043a\u0438\u0435 \u0434\u043e\u043a\u0443\u043c\u0435\u043d\u0442\u044b \u0434\u043b\u044f \u0432\u0430\u0448\u0435\u0433\u043e \u0431\u0438\u0437\u043d\u0435\u0441\u0430.<\/li><li>\u0418\u043d\u0442\u0435\u043b\u043b\u0435\u043a\u0442\u0443\u0430\u043b\u044c\u043d\u0430\u044f \u0441\u043e\u0431\u0441\u0442\u0432\u0435\u043d\u043d\u043e\u0441\u0442\u044c: \u041f\u043e\u043c\u043e\u0433\u0430\u0435\u043c \u0437\u0430\u0449\u0438\u0442\u0438\u0442\u044c \u0432\u0430\u0448\u0438 \u043d\u0435\u043c\u0430\u0442\u0435\u0440\u0438\u0430\u043b\u044c\u043d\u044b\u0435 \u0430\u043a\u0442\u0438\u0432\u044b \u2014 \u0431\u0440\u0435\u043d\u0434\u044b, \u043f\u0430\u0442\u0435\u043d\u0442\u044b \u0438 \u0430\u0432\u0442\u043e\u0440\u0441\u043a\u0438\u0435 \u043f\u0440\u0430\u0432\u0430.<\/li><li>\u0422\u0440\u0443\u0434\u043e\u0432\u043e\u0435 \u043a\u043e\u043d\u0441\u0443\u043b\u044c\u0442\u0438\u0440\u043e\u0432\u0430\u043d\u0438\u0435: \u041f\u043e\u043c\u043e\u0433\u0430\u0435\u043c \u044d\u0444\u0444\u0435\u043a\u0442\u0438\u0432\u043d\u043e \u0432\u044b\u0441\u0442\u0440\u0430\u0438\u0432\u0430\u0442\u044c \u0442\u0440\u0443\u0434\u043e\u0432\u044b\u0435 \u043e\u0442\u043d\u043e\u0448\u0435\u043d\u0438\u044f, \u043e\u0431\u0435\u0441\u043f\u0435\u0447\u0438\u0432\u0430\u044f \u0441\u043e\u0431\u043b\u044e\u0434\u0435\u043d\u0438\u0435 \u0442\u0440\u0443\u0434\u043e\u0432\u043e\u0433\u043e \u0437\u0430\u043a\u043e\u043d\u043e\u0434\u0430\u0442\u0435\u043b\u044c\u0441\u0442\u0432\u0430 \u0438 \u043f\u0440\u0430\u0432\u0438\u043b\u044c\u043d\u043e\u0435 \u043e\u0444\u043e\u0440\u043c\u043b\u0435\u043d\u0438\u0435 \u0441\u043e\u0442\u0440\u0443\u0434\u043d\u0438\u043a\u043e\u0432.<\/li><li>\u0421\u043e\u0431\u043b\u044e\u0434\u0435\u043d\u0438\u0435 \u043d\u043e\u0440\u043c\u0430\u0442\u0438\u0432\u043d\u044b\u0445 \u0442\u0440\u0435\u0431\u043e\u0432\u0430\u043d\u0438\u0439: \u041f\u043e\u043c\u043e\u0433\u0430\u0435\u043c \u043e\u0431\u0435\u0441\u043f\u0435\u0447\u0438\u0442\u044c \u0441\u043e\u043e\u0442\u0432\u0435\u0442\u0441\u0442\u0432\u0438\u0435 \u0432\u0430\u0448\u0435\u0439 \u043a\u043e\u043c\u043f\u0430\u043d\u0438\u0438 \u043c\u0435\u0441\u0442\u043d\u044b\u043c \u0438 \u043c\u0435\u0436\u0434\u0443\u043d\u0430\u0440\u043e\u0434\u043d\u044b\u043c \u043d\u043e\u0440\u043c\u0430\u0442\u0438\u0432\u0430\u043c, \u043f\u0440\u0438\u043c\u0435\u043d\u0438\u043c\u044b\u043c \u0432 \u0432\u0430\u0448\u0435\u0439 \u043e\u0442\u0440\u0430\u0441\u043b\u0438, \u043c\u0438\u043d\u0438\u043c\u0438\u0437\u0438\u0440\u0443\u044f \u044e\u0440\u0438\u0434\u0438\u0447\u0435\u0441\u043a\u0438\u0435 \u0440\u0438\u0441\u043a\u0438.<\/li><\/ul>\t\t\t\t\t\t\t\t<\/div>\n\t\t\t\t<\/div>\n\t\t\t\t<\/div>\n\t\t\t\t\t<\/div>\n\t\t\t\t<\/div>\n\t\t\t\t<\/div>","protected":false},"excerpt":{"rendered":"<p>Asesor\u00eda y Consultor\u00eda. Te ofrecemos las mejores propuestas para cada situaci\u00f3n Analizamos en profundidad las necesidades de tu empresa para ofrecerte soluciones estrat\u00e9gicas y eficientes. Trabajamos con un enfoque personalizado para optimizar la gesti\u00f3n y el crecimiento de tu negocio. Conf\u00eda en nuestra experiencia para tomar decisiones seguras y acertadas. CONTACTO Servicios de Asesor\u00eda Fiscal [&hellip;]<\/p>","protected":false},"author":1,"featured_media":0,"parent":0,"menu_order":0,"comment_status":"closed","ping_status":"closed","template":"","meta":{"_acf_changed":false,"footnotes":""},"class_list":["post-102","page","type-page","status-publish","hentry"],"acf":[],"_links":{"self":[{"href":"https:\/\/instantlegal.es\/ru\/wp-json\/wp\/v2\/pages\/102","targetHints":{"allow":["GET"]}}],"collection":[{"href":"https:\/\/instantlegal.es\/ru\/wp-json\/wp\/v2\/pages"}],"about":[{"href":"https:\/\/instantlegal.es\/ru\/wp-json\/wp\/v2\/types\/page"}],"author":[{"embeddable":true,"href":"https:\/\/instantlegal.es\/ru\/wp-json\/wp\/v2\/users\/1"}],"replies":[{"embeddable":true,"href":"https:\/\/instantlegal.es\/ru\/wp-json\/wp\/v2\/comments?post=102"}],"version-history":[{"count":22,"href":"https:\/\/instantlegal.es\/ru\/wp-json\/wp\/v2\/pages\/102\/revisions"}],"predecessor-version":[{"id":432,"href":"https:\/\/instantlegal.es\/ru\/wp-json\/wp\/v2\/pages\/102\/revisions\/432"}],"wp:attachment":[{"href":"https:\/\/instantlegal.es\/ru\/wp-json\/wp\/v2\/media?parent=102"}],"curies":[{"name":"wp","href":"https:\/\/api.w.org\/{rel}","templated":true}]}}