{"id":15,"date":"2025-02-06T21:43:50","date_gmt":"2025-02-06T21:43:50","guid":{"rendered":"https:\/\/instantlegal.es\/?page_id=15"},"modified":"2025-05-08T08:41:34","modified_gmt":"2025-05-08T08:41:34","slug":"servicios","status":"publish","type":"page","link":"https:\/\/instantlegal.es\/en\/servicios\/","title":{"rendered":"Services"},"content":{"rendered":"<div data-elementor-type=\"wp-page\" data-elementor-id=\"15\" class=\"elementor elementor-15\" data-elementor-post-type=\"page\">\n\t\t\t\t<div class=\"elementor-element elementor-element-6839b9e e-flex e-con-boxed e-con e-parent\" data-id=\"6839b9e\" data-element_type=\"container\" data-settings=\"{&quot;background_background&quot;:&quot;classic&quot;}\">\n\t\t\t\t\t<div class=\"e-con-inner\">\n\t\t<div class=\"elementor-element elementor-element-169b2eb e-con-full e-flex elementor-invisible e-con e-child\" data-id=\"169b2eb\" data-element_type=\"container\" data-settings=\"{&quot;animation&quot;:&quot;fadeIn&quot;}\">\n\t\t\t\t<div class=\"elementor-element elementor-element-506e5e5 elementor-widget elementor-widget-heading\" data-id=\"506e5e5\" data-element_type=\"widget\" data-widget_type=\"heading.default\">\n\t\t\t\t<div class=\"elementor-widget-container\">\n\t\t\t\t\t<h1 class=\"elementor-heading-title elementor-size-default\">The best solution for every type of need\n<\/h1>\t\t\t\t<\/div>\n\t\t\t\t<\/div>\n\t\t\t\t<div class=\"elementor-element elementor-element-e8475a8 elementor-widget elementor-widget-button\" data-id=\"e8475a8\" data-element_type=\"widget\" data-widget_type=\"button.default\">\n\t\t\t\t<div class=\"elementor-widget-container\">\n\t\t\t\t\t\t\t\t\t<div class=\"elementor-button-wrapper\">\n\t\t\t\t\t<a class=\"elementor-button elementor-button-link elementor-size-sm\" href=\"https:\/\/instantlegal.es\/en\/contacto\/\">\n\t\t\t\t\t\t<span class=\"elementor-button-content-wrapper\">\n\t\t\t\t\t\t\t\t\t<span class=\"elementor-button-text\">CONTACT<\/span>\n\t\t\t\t\t<\/span>\n\t\t\t\t\t<\/a>\n\t\t\t\t<\/div>\n\t\t\t\t\t\t\t\t<\/div>\n\t\t\t\t<\/div>\n\t\t\t\t<\/div>\n\t\t\t\t\t<\/div>\n\t\t\t\t<\/div>\n\t\t<div class=\"elementor-element elementor-element-0838697 e-flex e-con-boxed e-con e-parent\" data-id=\"0838697\" data-element_type=\"container\" data-settings=\"{&quot;background_background&quot;:&quot;classic&quot;}\">\n\t\t\t\t\t<div class=\"e-con-inner\">\n\t\t<div class=\"elementor-element elementor-element-58c60cb e-grid e-con-full elementor-invisible e-con e-child\" data-id=\"58c60cb\" data-element_type=\"container\" data-settings=\"{&quot;animation&quot;:&quot;fadeIn&quot;}\">\n\t\t<a class=\"elementor-element elementor-element-3944e6d e-con-full e-flex e-con e-child\" data-id=\"3944e6d\" data-element_type=\"container\" href=\"https:\/\/instantlegal.es\/en\/asesoria-y-consultoria\/\">\n\t\t\t\t<div class=\"elementor-element elementor-element-73ab042 elementor-view-default elementor-widget elementor-widget-icon\" data-id=\"73ab042\" data-element_type=\"widget\" data-widget_type=\"icon.default\">\n\t\t\t\t<div class=\"elementor-widget-container\">\n\t\t\t\t\t\t\t<div class=\"elementor-icon-wrapper\">\n\t\t\t<div class=\"elementor-icon\">\n\t\t\t<svg xmlns=\"http:\/\/www.w3.org\/2000\/svg\" width=\"51\" height=\"50\" viewbox=\"0 0 51 50\" fill=\"none\"><path d=\"M21.333 33.3333C21.333 39.0862 26.9295 43.75 33.833 43.75C35.723 43.75 37.5149 43.4004 39.1209 42.7748C39.5134 42.6218 39.9397 42.5668 40.3538 42.6435L46.333 43.75L44.9753 39.5212C44.777 38.9037 44.8903 38.236 45.2028 37.6677C45.9284 36.3479 46.333 34.88 46.333 33.3333C46.333 27.5804 40.7365 22.9166 33.833 22.9166C26.9295 22.9166 21.333 27.5804 21.333 33.3333Z\" stroke=\"#ADADAD\" stroke-width=\"2\" stroke-linejoin=\"round\"><\/path><path d=\"M37.7359 23.4344C37.9097 22.5904 38.0003 21.721 38.0003 20.8333C38.0003 12.7792 30.5384 6.25 21.3337 6.25C12.1289 6.25 4.66699 12.7792 4.66699 20.8333C4.66699 23.1508 5.28476 25.3419 6.38408 27.2877C6.68995 27.8292 6.79139 28.4694 6.60955 29.064L4.66699 35.4167L12.8215 33.8321C13.2541 33.7479 13.7008 33.8069 14.107 33.9779C16.3662 34.9296 18.9199 35.4494 21.5832 35.415\" stroke=\"#ADADAD\" stroke-width=\"2\" stroke-linejoin=\"round\"><\/path><path d=\"M30 14.5H11.5\" stroke=\"#ADADAD\" stroke-width=\"2\" stroke-linecap=\"round\" stroke-linejoin=\"round\"><\/path><path d=\"M40 30.5H29\" stroke=\"#ADADAD\" stroke-width=\"2\" stroke-linecap=\"round\" stroke-linejoin=\"round\"><\/path><path d=\"M30 20.5H11.5\" stroke=\"#ADADAD\" stroke-width=\"2\" stroke-linecap=\"round\" stroke-linejoin=\"round\"><\/path><path d=\"M40 36.5H29\" stroke=\"#ADADAD\" stroke-width=\"2\" stroke-linecap=\"round\" stroke-linejoin=\"round\"><\/path><\/svg>\t\t\t<\/div>\n\t\t<\/div>\n\t\t\t\t\t\t<\/div>\n\t\t\t\t<\/div>\n\t\t\t\t<div class=\"elementor-element elementor-element-036089e elementor-widget elementor-widget-heading\" data-id=\"036089e\" data-element_type=\"widget\" data-widget_type=\"heading.default\">\n\t\t\t\t<div class=\"elementor-widget-container\">\n\t\t\t\t\t<h2 class=\"elementor-heading-title elementor-size-default\">01<\/h2>\t\t\t\t<\/div>\n\t\t\t\t<\/div>\n\t\t\t\t<div class=\"elementor-element elementor-element-891dac6 elementor-widget elementor-widget-heading\" data-id=\"891dac6\" data-element_type=\"widget\" data-widget_type=\"heading.default\">\n\t\t\t\t<div class=\"elementor-widget-container\">\n\t\t\t\t\t<h3 class=\"elementor-heading-title elementor-size-default\">Advice and Consulting\n<\/h3>\t\t\t\t<\/div>\n\t\t\t\t<\/div>\n\t\t\t\t<div class=\"elementor-element elementor-element-68067aa elementor-widget elementor-widget-text-editor\" data-id=\"68067aa\" data-element_type=\"widget\" data-widget_type=\"text-editor.default\">\n\t\t\t\t<div class=\"elementor-widget-container\">\n\t\t\t\t\t\t\t\t\t<p>We help you resolve your conflicts with the best solutions for each situation.<\/p>\t\t\t\t\t\t\t\t<\/div>\n\t\t\t\t<\/div>\n\t\t\t\t<div class=\"elementor-element elementor-element-8d4bdca elementor-view-default elementor-widget elementor-widget-icon\" data-id=\"8d4bdca\" data-element_type=\"widget\" data-widget_type=\"icon.default\">\n\t\t\t\t<div class=\"elementor-widget-container\">\n\t\t\t\t\t\t\t<div class=\"elementor-icon-wrapper\">\n\t\t\t<div class=\"elementor-icon\">\n\t\t\t<svg xmlns=\"http:\/\/www.w3.org\/2000\/svg\" width=\"15\" height=\"8\" viewbox=\"0 0 15 8\" fill=\"none\"><path d=\"M14.8536 4.35355C15.0488 4.15829 15.0488 3.84171 14.8536 3.64645L11.6716 0.464466C11.4763 0.269204 11.1597 0.269204 10.9645 0.464466C10.7692 0.659728 10.7692 0.976311 10.9645 1.17157L13.7929 4L10.9645 6.82843C10.7692 7.02369 10.7692 7.34027 10.9645 7.53553C11.1597 7.7308 11.4763 7.7308 11.6716 7.53553L14.8536 4.35355ZM0.5 4.5H14.5V3.5H0.5V4.5Z\" fill=\"black\"><\/path><\/svg>\t\t\t<\/div>\n\t\t<\/div>\n\t\t\t\t\t\t<\/div>\n\t\t\t\t<\/div>\n\t\t\t\t<\/a>\n\t\t<a class=\"elementor-element elementor-element-3814866 e-con-full e-flex e-con e-child\" data-id=\"3814866\" data-element_type=\"container\" href=\"https:\/\/instantlegal.es\/en\/gestoria-fiscal-contable-y-laboral\/\">\n\t\t\t\t<div class=\"elementor-element elementor-element-184dddd elementor-view-default elementor-widget elementor-widget-icon\" data-id=\"184dddd\" data-element_type=\"widget\" data-widget_type=\"icon.default\">\n\t\t\t\t<div class=\"elementor-widget-container\">\n\t\t\t\t\t\t\t<div class=\"elementor-icon-wrapper\">\n\t\t\t<div class=\"elementor-icon\">\n\t\t\t<svg xmlns=\"http:\/\/www.w3.org\/2000\/svg\" width=\"51\" height=\"50\" viewbox=\"0 0 51 50\" fill=\"none\"><path d=\"M45.2913 26.9792V23.0209C45.2913 14.624 45.2913 10.4255 42.393 7.81696C39.4945 5.20837 34.8295 5.20837 25.4997 5.20837C16.1698 5.20837 11.5049 5.20837 8.60642 7.81696C5.70801 10.4255 5.70801 14.624 5.70801 23.0209V26.9792C5.70801 35.3761 5.70801 39.5746 8.60642 42.1832C11.5049 44.7917 16.1698 44.7917 25.4997 44.7917C34.8295 44.7917 39.4945 44.7917 42.393 42.1832C45.2913 39.5746 45.2913 35.3761 45.2913 26.9792Z\" stroke=\"#ADADAD\" stroke-width=\"2\"><\/path><path d=\"M38.0003 16.6667H29.667M33.8337 12.5V20.8333\" stroke=\"#ADADAD\" stroke-width=\"2\" stroke-linecap=\"round\" stroke-linejoin=\"round\"><\/path><path d=\"M38.0003 36.4584H29.667\" stroke=\"#ADADAD\" stroke-width=\"2\" stroke-linecap=\"round\" stroke-linejoin=\"round\"><\/path><path d=\"M38.0003 30.2084H29.667\" stroke=\"#ADADAD\" stroke-width=\"2\" stroke-linecap=\"round\" stroke-linejoin=\"round\"><\/path><path d=\"M21.3337 36.4583L17.6878 32.8125M17.6878 32.8125L14.042 29.1666M17.6878 32.8125L21.3337 29.1666M17.6878 32.8125L14.042 36.4583\" stroke=\"#ADADAD\" stroke-width=\"2\" stroke-linecap=\"round\" stroke-linejoin=\"round\"><\/path><path d=\"M21.3333 16.6666H13\" stroke=\"#ADADAD\" stroke-width=\"2\" stroke-linecap=\"round\" stroke-linejoin=\"round\"><\/path><\/svg>\t\t\t<\/div>\n\t\t<\/div>\n\t\t\t\t\t\t<\/div>\n\t\t\t\t<\/div>\n\t\t\t\t<div class=\"elementor-element elementor-element-bae84b3 elementor-widget elementor-widget-heading\" data-id=\"bae84b3\" data-element_type=\"widget\" data-widget_type=\"heading.default\">\n\t\t\t\t<div class=\"elementor-widget-container\">\n\t\t\t\t\t<h2 class=\"elementor-heading-title elementor-size-default\">02<\/h2>\t\t\t\t<\/div>\n\t\t\t\t<\/div>\n\t\t\t\t<div class=\"elementor-element elementor-element-462aa1c elementor-widget elementor-widget-heading\" data-id=\"462aa1c\" data-element_type=\"widget\" data-widget_type=\"heading.default\">\n\t\t\t\t<div class=\"elementor-widget-container\">\n\t\t\t\t\t<h3 class=\"elementor-heading-title elementor-size-default\">Tax, labor and accounting management<\/h3>\t\t\t\t<\/div>\n\t\t\t\t<\/div>\n\t\t\t\t<div class=\"elementor-element elementor-element-4907856 elementor-widget elementor-widget-text-editor\" data-id=\"4907856\" data-element_type=\"widget\" data-widget_type=\"text-editor.default\">\n\t\t\t\t<div class=\"elementor-widget-container\">\n\t\t\t\t\t\t\t\t\t<p>Gesti\u00f3n Fiscal, Contable y Laboral. <br \/>Self-employed and Limited Companies. <br \/>High Self-Employed. <br \/>Incorporation of Companies.<\/p>\t\t\t\t\t\t\t\t<\/div>\n\t\t\t\t<\/div>\n\t\t\t\t<div class=\"elementor-element elementor-element-d842eda elementor-view-default elementor-widget elementor-widget-icon\" data-id=\"d842eda\" data-element_type=\"widget\" data-widget_type=\"icon.default\">\n\t\t\t\t<div class=\"elementor-widget-container\">\n\t\t\t\t\t\t\t<div class=\"elementor-icon-wrapper\">\n\t\t\t<div class=\"elementor-icon\">\n\t\t\t<svg xmlns=\"http:\/\/www.w3.org\/2000\/svg\" width=\"15\" height=\"8\" viewbox=\"0 0 15 8\" fill=\"none\"><path d=\"M14.8536 4.35355C15.0488 4.15829 15.0488 3.84171 14.8536 3.64645L11.6716 0.464466C11.4763 0.269204 11.1597 0.269204 10.9645 0.464466C10.7692 0.659728 10.7692 0.976311 10.9645 1.17157L13.7929 4L10.9645 6.82843C10.7692 7.02369 10.7692 7.34027 10.9645 7.53553C11.1597 7.7308 11.4763 7.7308 11.6716 7.53553L14.8536 4.35355ZM0.5 4.5H14.5V3.5H0.5V4.5Z\" fill=\"black\"><\/path><\/svg>\t\t\t<\/div>\n\t\t<\/div>\n\t\t\t\t\t\t<\/div>\n\t\t\t\t<\/div>\n\t\t\t\t<\/a>\n\t\t<a class=\"elementor-element elementor-element-bef97ff e-con-full e-flex e-con e-child\" data-id=\"bef97ff\" data-element_type=\"container\" href=\"https:\/\/instantlegal.es\/en\/extranjeria-e-inmigracion\/\">\n\t\t\t\t<div class=\"elementor-element elementor-element-5850fa5 elementor-view-default elementor-widget elementor-widget-icon\" data-id=\"5850fa5\" data-element_type=\"widget\" data-widget_type=\"icon.default\">\n\t\t\t\t<div class=\"elementor-widget-container\">\n\t\t\t\t\t\t\t<div class=\"elementor-icon-wrapper\">\n\t\t\t<div class=\"elementor-icon\">\n\t\t\t<svg xmlns=\"http:\/\/www.w3.org\/2000\/svg\" width=\"51\" height=\"50\" viewbox=\"0 0 51 50\" fill=\"none\"><path d=\"M33.5556 7.87584C35.4856 6.31642 37.6473 6.22176 40.0092 6.25486C41.2308 6.27199 41.8417 6.28057 42.3317 6.47059C43.1092 6.77209 43.7279 7.39092 44.0294 8.16836C44.2194 8.65836 44.2279 9.26917 44.2452 10.4908C44.2783 12.8526 44.1835 15.0143 42.6242 16.9443C41.311 18.5695 39.054 19.4188 37.9679 21.2127C37.1388 22.5823 37.525 24.0006 37.8813 25.4602L40.5475 36.3879C41.079 38.5656 40.6746 39.9615 39.1519 41.4842C38.3417 42.2944 37.6677 42.2533 37.0106 41.2063L28.964 28.3852L25.121 31.4398C23.7277 32.5475 23.031 33.1013 22.665 33.8806C21.8075 35.7058 22.3519 38.4473 22.3796 40.4263C22.395 41.52 21.4498 43.6758 20.1123 43.7485C19.2866 43.7935 19.0059 42.8058 18.7392 42.1996L16.1715 36.3633C15.5575 34.9677 15.5323 34.9425 14.1366 34.3285L8.30032 31.7608C7.69413 31.4942 6.70654 31.2133 6.75148 30.3877C6.82427 29.0502 8.97992 28.105 10.0737 28.1204C12.0528 28.1481 14.7942 28.6925 16.6195 27.835C17.3988 27.469 17.9526 26.7723 19.0602 25.379L22.1148 21.536L9.29382 13.4894C8.24677 12.8322 8.20567 12.1583 9.01573 11.3482C10.5385 9.82542 11.9344 9.42113 14.112 9.95246L25.0398 12.6188C26.4994 12.975 27.9177 13.3613 29.2873 12.5321C31.0813 11.4461 31.9304 9.18905 33.5556 7.87584Z\" stroke=\"#ADADAD\" stroke-width=\"2\" stroke-linecap=\"round\" stroke-linejoin=\"round\"><\/path><\/svg>\t\t\t<\/div>\n\t\t<\/div>\n\t\t\t\t\t\t<\/div>\n\t\t\t\t<\/div>\n\t\t\t\t<div class=\"elementor-element elementor-element-ff764c3 elementor-widget elementor-widget-heading\" data-id=\"ff764c3\" data-element_type=\"widget\" data-widget_type=\"heading.default\">\n\t\t\t\t<div class=\"elementor-widget-container\">\n\t\t\t\t\t<h2 class=\"elementor-heading-title elementor-size-default\">03<\/h2>\t\t\t\t<\/div>\n\t\t\t\t<\/div>\n\t\t\t\t<div class=\"elementor-element elementor-element-3a68573 elementor-widget elementor-widget-heading\" data-id=\"3a68573\" data-element_type=\"widget\" data-widget_type=\"heading.default\">\n\t\t\t\t<div class=\"elementor-widget-container\">\n\t\t\t\t\t<h3 class=\"elementor-heading-title elementor-size-default\">Foreigners and immigration\n<\/h3>\t\t\t\t<\/div>\n\t\t\t\t<\/div>\n\t\t\t\t<div class=\"elementor-element elementor-element-7521996 elementor-widget elementor-widget-text-editor\" data-id=\"7521996\" data-element_type=\"widget\" data-widget_type=\"text-editor.default\">\n\t\t\t\t<div class=\"elementor-widget-container\">\n\t\t\t\t\t\t\t\t\t<p>We carry out all immigration processes: <br \/>-Highly Qualified Professional. <br \/>-Digital nomads. <br \/>-Residence and Work Permits. <br \/>-Students. <br \/>-NIE<\/p>\t\t\t\t\t\t\t\t<\/div>\n\t\t\t\t<\/div>\n\t\t\t\t<div class=\"elementor-element elementor-element-4fd9700 elementor-view-default elementor-widget elementor-widget-icon\" data-id=\"4fd9700\" data-element_type=\"widget\" data-widget_type=\"icon.default\">\n\t\t\t\t<div class=\"elementor-widget-container\">\n\t\t\t\t\t\t\t<div class=\"elementor-icon-wrapper\">\n\t\t\t<div class=\"elementor-icon\">\n\t\t\t<svg xmlns=\"http:\/\/www.w3.org\/2000\/svg\" width=\"15\" height=\"8\" viewbox=\"0 0 15 8\" fill=\"none\"><path d=\"M14.8536 4.35355C15.0488 4.15829 15.0488 3.84171 14.8536 3.64645L11.6716 0.464466C11.4763 0.269204 11.1597 0.269204 10.9645 0.464466C10.7692 0.659728 10.7692 0.976311 10.9645 1.17157L13.7929 4L10.9645 6.82843C10.7692 7.02369 10.7692 7.34027 10.9645 7.53553C11.1597 7.7308 11.4763 7.7308 11.6716 7.53553L14.8536 4.35355ZM0.5 4.5H14.5V3.5H0.5V4.5Z\" fill=\"black\"><\/path><\/svg>\t\t\t<\/div>\n\t\t<\/div>\n\t\t\t\t\t\t<\/div>\n\t\t\t\t<\/div>\n\t\t\t\t<\/a>\n\t\t\t\t<\/div>\n\t\t\t\t\t<\/div>\n\t\t\t\t<\/div>\n\t\t\t\t<\/div>","protected":false},"excerpt":{"rendered":"<p>La mejor soluci\u00f3n para cada tipo de necesidad CONTACTO 01 Asesor\u00eda y Consultor\u00eda Te ayudamos a resolver tus conflictos con las mejores propuestas para cada situaci\u00f3n. 02 Gestor\u00eda fiscal, laboral y contable Gesti\u00f3n Fiscal, Contable y Laboral. Aut\u00f3nomos y Sociedades Limitadas. Alta Aut\u00f3nomos. Constituci\u00f3n de Sociedades. 03 Extranjer\u00eda e inmigraci\u00f3n Llevamos a cabo todos los [&hellip;]<\/p>","protected":false},"author":1,"featured_media":0,"parent":0,"menu_order":0,"comment_status":"closed","ping_status":"closed","template":"","meta":{"_acf_changed":false,"footnotes":""},"class_list":["post-15","page","type-page","status-publish","hentry"],"acf":[],"_links":{"self":[{"href":"https:\/\/instantlegal.es\/en\/wp-json\/wp\/v2\/pages\/15","targetHints":{"allow":["GET"]}}],"collection":[{"href":"https:\/\/instantlegal.es\/en\/wp-json\/wp\/v2\/pages"}],"about":[{"href":"https:\/\/instantlegal.es\/en\/wp-json\/wp\/v2\/types\/page"}],"author":[{"embeddable":true,"href":"https:\/\/instantlegal.es\/en\/wp-json\/wp\/v2\/users\/1"}],"replies":[{"embeddable":true,"href":"https:\/\/instantlegal.es\/en\/wp-json\/wp\/v2\/comments?post=15"}],"version-history":[{"count":17,"href":"https:\/\/instantlegal.es\/en\/wp-json\/wp\/v2\/pages\/15\/revisions"}],"predecessor-version":[{"id":201,"href":"https:\/\/instantlegal.es\/en\/wp-json\/wp\/v2\/pages\/15\/revisions\/201"}],"wp:attachment":[{"href":"https:\/\/instantlegal.es\/en\/wp-json\/wp\/v2\/media?parent=15"}],"curies":[{"name":"wp","href":"https:\/\/api.w.org\/{rel}","templated":true}]}}