{"id":13,"date":"2025-02-06T21:43:38","date_gmt":"2025-02-06T21:43:38","guid":{"rendered":"https:\/\/instantlegal.es\/?page_id=13"},"modified":"2026-02-03T12:21:22","modified_gmt":"2026-02-03T12:21:22","slug":"quienes-somos","status":"publish","type":"page","link":"https:\/\/instantlegal.es\/en\/quienes-somos\/","title":{"rendered":"Who we are"},"content":{"rendered":"<div data-elementor-type=\"wp-page\" data-elementor-id=\"13\" class=\"elementor elementor-13\" data-elementor-post-type=\"page\">\n\t\t\t\t<div class=\"elementor-element elementor-element-f91ddc3 e-flex e-con-boxed e-con e-parent\" data-id=\"f91ddc3\" data-element_type=\"container\" data-settings=\"{&quot;background_background&quot;:&quot;classic&quot;}\">\n\t\t\t\t\t<div class=\"e-con-inner\">\n\t\t<div class=\"elementor-element elementor-element-f5d300b e-con-full e-flex elementor-invisible e-con e-child\" data-id=\"f5d300b\" data-element_type=\"container\" data-settings=\"{&quot;animation&quot;:&quot;fadeIn&quot;}\">\n\t\t\t\t<div class=\"elementor-element elementor-element-7e1828e elementor-widget elementor-widget-heading\" data-id=\"7e1828e\" data-element_type=\"widget\" data-widget_type=\"heading.default\">\n\t\t\t\t<div class=\"elementor-widget-container\">\n\t\t\t\t\t<h1 class=\"elementor-heading-title elementor-size-default\">We help you achieve a successful business life<\/h1>\t\t\t\t<\/div>\n\t\t\t\t<\/div>\n\t\t\t\t<div class=\"elementor-element elementor-element-f2570be elementor-widget elementor-widget-text-editor\" data-id=\"f2570be\" data-element_type=\"widget\" data-widget_type=\"text-editor.default\">\n\t\t\t\t<div class=\"elementor-widget-container\">\n\t\t\t\t\t\t\t\t\t<p>InstantLegal was founded with the firm conviction of offering satisfying experiences in legal services. We provide the peace of mind of knowing that someone is looking after your business with the same commitment and dedication as if it were their own.<\/p>\t\t\t\t\t\t\t\t<\/div>\n\t\t\t\t<\/div>\n\t\t\t\t<div class=\"elementor-element elementor-element-7803dfe elementor-widget elementor-widget-button\" data-id=\"7803dfe\" data-element_type=\"widget\" data-widget_type=\"button.default\">\n\t\t\t\t<div class=\"elementor-widget-container\">\n\t\t\t\t\t\t\t\t\t<div class=\"elementor-button-wrapper\">\n\t\t\t\t\t<a class=\"elementor-button elementor-button-link elementor-size-sm\" href=\"https:\/\/instantlegal.es\/en\/contacto\/\">\n\t\t\t\t\t\t<span class=\"elementor-button-content-wrapper\">\n\t\t\t\t\t\t\t\t\t<span class=\"elementor-button-text\">CONTACT<\/span>\n\t\t\t\t\t<\/span>\n\t\t\t\t\t<\/a>\n\t\t\t\t<\/div>\n\t\t\t\t\t\t\t\t<\/div>\n\t\t\t\t<\/div>\n\t\t\t\t<\/div>\n\t\t\t\t\t<\/div>\n\t\t\t\t<\/div>\n\t\t<div class=\"elementor-element elementor-element-a6438c3 e-flex e-con-boxed e-con e-parent\" data-id=\"a6438c3\" data-element_type=\"container\" data-settings=\"{&quot;background_background&quot;:&quot;classic&quot;}\">\n\t\t\t\t\t<div class=\"e-con-inner\">\n\t\t\t\t<div class=\"elementor-element elementor-element-470e74f elementor-widget__width-initial elementor-widget-tablet__width-inherit elementor-invisible elementor-widget elementor-widget-image\" data-id=\"470e74f\" data-element_type=\"widget\" data-settings=\"{&quot;_animation&quot;:&quot;fadeInLeft&quot;}\" data-widget_type=\"image.default\">\n\t\t\t\t<div class=\"elementor-widget-container\">\n\t\t\t\t\t\t\t\t\t\t\t\t\t\t\t<img fetchpriority=\"high\" decoding=\"async\" width=\"548\" height=\"720\" src=\"https:\/\/instantlegal.es\/wp-content\/uploads\/2026\/02\/DSC04825_cleanup-1.png\" class=\"attachment-full size-full wp-image-481\" alt=\"\" srcset=\"https:\/\/instantlegal.es\/wp-content\/uploads\/2026\/02\/DSC04825_cleanup-1.png 548w, https:\/\/instantlegal.es\/wp-content\/uploads\/2026\/02\/DSC04825_cleanup-1-228x300.png 228w, https:\/\/instantlegal.es\/wp-content\/uploads\/2026\/02\/DSC04825_cleanup-1-9x12.png 9w\" sizes=\"(max-width: 548px) 100vw, 548px\" \/>\t\t\t\t\t\t\t\t\t\t\t\t\t\t\t<\/div>\n\t\t\t\t<\/div>\n\t\t<div class=\"elementor-element elementor-element-13c85be e-con-full e-flex e-con e-child\" data-id=\"13c85be\" data-element_type=\"container\">\n\t\t\t\t<div class=\"elementor-element elementor-element-824869a elementor-widget elementor-widget-heading\" data-id=\"824869a\" data-element_type=\"widget\" data-widget_type=\"heading.default\">\n\t\t\t\t<div class=\"elementor-widget-container\">\n\t\t\t\t\t<h2 class=\"elementor-heading-title elementor-size-default\">At InstantLegal, we understand the importance of your business<\/h2>\t\t\t\t<\/div>\n\t\t\t\t<\/div>\n\t\t\t\t<div class=\"elementor-element elementor-element-ef7a22f elementor-widget elementor-widget-text-editor\" data-id=\"ef7a22f\" data-element_type=\"widget\" data-widget_type=\"text-editor.default\">\n\t\t\t\t<div class=\"elementor-widget-container\">\n\t\t\t\t\t\t\t\t\t<p>We are here to support you every step of the way, sharing your passion and commitment.<\/p>\t\t\t\t\t\t\t\t<\/div>\n\t\t\t\t<\/div>\n\t\t\t\t<\/div>\n\t\t\t\t\t<\/div>\n\t\t\t\t<\/div>\n\t\t<div class=\"elementor-element elementor-element-464fff6 e-flex e-con-boxed e-con e-parent\" data-id=\"464fff6\" data-element_type=\"container\" data-settings=\"{&quot;background_background&quot;:&quot;classic&quot;}\">\n\t\t\t\t\t<div class=\"e-con-inner\">\n\t\t<div class=\"elementor-element elementor-element-941625f e-con-full e-flex elementor-invisible e-con e-child\" data-id=\"941625f\" data-element_type=\"container\" data-settings=\"{&quot;background_background&quot;:&quot;classic&quot;,&quot;animation&quot;:&quot;fadeIn&quot;}\">\n\t\t\t\t<div class=\"elementor-element elementor-element-01864ff elementor-widget__width-initial elementor-widget-tablet__width-inherit elementor-widget elementor-widget-image\" data-id=\"01864ff\" data-element_type=\"widget\" data-widget_type=\"image.default\">\n\t\t\t\t<div class=\"elementor-widget-container\">\n\t\t\t\t\t\t\t\t\t\t\t\t\t\t\t<img decoding=\"async\" width=\"462\" height=\"662\" src=\"https:\/\/instantlegal.es\/wp-content\/uploads\/2025\/02\/Jose-manuel.png\" class=\"attachment-full size-full wp-image-87\" alt=\"\" srcset=\"https:\/\/instantlegal.es\/wp-content\/uploads\/2025\/02\/Jose-manuel.png 462w, https:\/\/instantlegal.es\/wp-content\/uploads\/2025\/02\/Jose-manuel-209x300.png 209w\" sizes=\"(max-width: 462px) 100vw, 462px\" \/>\t\t\t\t\t\t\t\t\t\t\t\t\t\t\t<\/div>\n\t\t\t\t<\/div>\n\t\t<div class=\"elementor-element elementor-element-328f2f6 e-con-full e-flex e-con e-child\" data-id=\"328f2f6\" data-element_type=\"container\">\n\t\t\t\t<div class=\"elementor-element elementor-element-428f681 elementor-widget elementor-widget-heading\" data-id=\"428f681\" data-element_type=\"widget\" data-widget_type=\"heading.default\">\n\t\t\t\t<div class=\"elementor-widget-container\">\n\t\t\t\t\t<h2 class=\"elementor-heading-title elementor-size-default\">Jos\u00e9 Manuel P\u00e9rez<\/h2>\t\t\t\t<\/div>\n\t\t\t\t<\/div>\n\t\t\t\t<div class=\"elementor-element elementor-element-77c1fe2 elementor-widget elementor-widget-text-editor\" data-id=\"77c1fe2\" data-element_type=\"widget\" data-widget_type=\"text-editor.default\">\n\t\t\t\t<div class=\"elementor-widget-container\">\n\t\t\t\t\t\t\t\t\t<p>Estudi\u00e9 Relaciones Laborales (Graduado Social) especializ\u00e1ndome en Extranjer\u00eda y Derecho Laboral Internacional y m\u00e1s tarde realic\u00e9 un M\u00e1ster en Relaciones Internacionales (RRII). La experiencia que obtuve trabajando en la Universidad de Barcelona en el departamento de RRII y Extranjer\u00eda, como responsable de Proyectos Internacionales, me puso en contacto con los enormes problemas que surgen cuando estudiantes y trabajadores se proponen formalizar sus permisos para permanecer de forma regular en Espa\u00f1a. La suma de\u00a0 experiencia, de inquietud y sensibilidad por solucionar los colapsos del sistema de Extranjer\u00eda, fructific\u00f3 en un proyecto de asesoramiento para agilizar estos procesos de una forma moderna y con un estilo m\u00e1s actual en un mundo ligado a la tecnolog\u00eda.<\/p><p>This is how this project was born, and how we differentiate ourselves from other legal consultancies, thanks to our experience in solving immigration problems and our mastery of ICT. Instant legal services: InstantLegal.<\/p>\t\t\t\t\t\t\t\t<\/div>\n\t\t\t\t<\/div>\n\t\t\t\t<\/div>\n\t\t\t\t<\/div>\n\t\t\t\t\t<\/div>\n\t\t\t\t<\/div>\n\t\t<div class=\"elementor-element elementor-element-6636f28 e-flex e-con-boxed e-con e-parent\" data-id=\"6636f28\" data-element_type=\"container\">\n\t\t\t\t\t<div class=\"e-con-inner\">\n\t\t\t\t\t<\/div>\n\t\t\t\t<\/div>\n\t\t\t\t<\/div>","protected":false},"excerpt":{"rendered":"<p>Te ayudamos a lograr una vida empresarial exitosa InstantLegal nace con la firme convicci\u00f3n de ofrecer experiencias satisfactorias en servicios legales. Damos la tranquilidad de saber que alguien cuida de tu empresa con el mismo compromiso y dedicaci\u00f3n como si fuera propia. CONTACTO En InstantLegal, entendemos la importancia de tu negocio Estamos aqu\u00ed para apoyarte [&hellip;]<\/p>","protected":false},"author":1,"featured_media":0,"parent":0,"menu_order":0,"comment_status":"closed","ping_status":"closed","template":"","meta":{"_acf_changed":false,"footnotes":""},"class_list":["post-13","page","type-page","status-publish","hentry"],"acf":[],"_links":{"self":[{"href":"https:\/\/instantlegal.es\/en\/wp-json\/wp\/v2\/pages\/13","targetHints":{"allow":["GET"]}}],"collection":[{"href":"https:\/\/instantlegal.es\/en\/wp-json\/wp\/v2\/pages"}],"about":[{"href":"https:\/\/instantlegal.es\/en\/wp-json\/wp\/v2\/types\/page"}],"author":[{"embeddable":true,"href":"https:\/\/instantlegal.es\/en\/wp-json\/wp\/v2\/users\/1"}],"replies":[{"embeddable":true,"href":"https:\/\/instantlegal.es\/en\/wp-json\/wp\/v2\/comments?post=13"}],"version-history":[{"count":37,"href":"https:\/\/instantlegal.es\/en\/wp-json\/wp\/v2\/pages\/13\/revisions"}],"predecessor-version":[{"id":487,"href":"https:\/\/instantlegal.es\/en\/wp-json\/wp\/v2\/pages\/13\/revisions\/487"}],"wp:attachment":[{"href":"https:\/\/instantlegal.es\/en\/wp-json\/wp\/v2\/media?parent=13"}],"curies":[{"name":"wp","href":"https:\/\/api.w.org\/{rel}","templated":true}]}}