{"id":10,"date":"2025-02-06T21:43:23","date_gmt":"2025-02-06T21:43:23","guid":{"rendered":"https:\/\/instantlegal.es\/?page_id=10"},"modified":"2026-02-03T12:28:20","modified_gmt":"2026-02-03T12:28:20","slug":"inicio","status":"publish","type":"page","link":"https:\/\/instantlegal.es\/en\/","title":{"rendered":"Home"},"content":{"rendered":"<div data-elementor-type=\"wp-page\" data-elementor-id=\"10\" class=\"elementor elementor-10\" data-elementor-post-type=\"page\">\n\t\t\t\t<div class=\"elementor-element elementor-element-9fde033 e-flex e-con-boxed e-con e-parent\" data-id=\"9fde033\" data-element_type=\"container\" data-settings=\"{&quot;background_background&quot;:&quot;classic&quot;}\">\n\t\t\t\t\t<div class=\"e-con-inner\">\n\t\t\t\t<div class=\"elementor-element elementor-element-4722fd0 elementor-widget__width-initial elementor-widget-tablet__width-inherit elementor-invisible elementor-widget elementor-widget-heading\" data-id=\"4722fd0\" data-element_type=\"widget\" data-settings=\"{&quot;_animation&quot;:&quot;fadeIn&quot;}\" data-widget_type=\"heading.default\">\n\t\t\t\t<div class=\"elementor-widget-container\">\n\t\t\t\t\t<h1 class=\"elementor-heading-title elementor-size-default\">Instant legal services<\/h1>\t\t\t\t<\/div>\n\t\t\t\t<\/div>\n\t\t\t\t<div class=\"elementor-element elementor-element-9c714dd elementor-widget elementor-widget-text-editor\" data-id=\"9c714dd\" data-element_type=\"widget\" data-widget_type=\"text-editor.default\">\n\t\t\t\t<div class=\"elementor-widget-container\">\n\t\t\t\t\t\t\t\t\t<p>Dream big, we've got your back<\/p>\t\t\t\t\t\t\t\t<\/div>\n\t\t\t\t<\/div>\n\t\t\t\t\t<\/div>\n\t\t\t\t<\/div>\n\t\t<div class=\"elementor-element elementor-element-14fcf66 e-flex e-con-boxed e-con e-parent\" data-id=\"14fcf66\" data-element_type=\"container\" data-settings=\"{&quot;background_background&quot;:&quot;classic&quot;}\">\n\t\t\t\t\t<div class=\"e-con-inner\">\n\t\t\t\t<div class=\"elementor-element elementor-element-d152452 elementor-widget__width-initial elementor-widget-tablet__width-inherit elementor-invisible elementor-widget elementor-widget-image\" data-id=\"d152452\" data-element_type=\"widget\" data-settings=\"{&quot;_animation&quot;:&quot;fadeInLeft&quot;}\" data-widget_type=\"image.default\">\n\t\t\t\t<div class=\"elementor-widget-container\">\n\t\t\t\t\t\t\t\t\t\t\t\t\t\t\t<img fetchpriority=\"high\" decoding=\"async\" width=\"2560\" height=\"1709\" src=\"https:\/\/instantlegal.es\/wp-content\/uploads\/2025\/05\/oficina-scaled.jpg\" class=\"attachment-full size-full wp-image-367\" alt=\"\" srcset=\"https:\/\/instantlegal.es\/wp-content\/uploads\/2025\/05\/oficina-scaled.jpg 2560w, https:\/\/instantlegal.es\/wp-content\/uploads\/2025\/05\/oficina-300x200.jpg 300w, https:\/\/instantlegal.es\/wp-content\/uploads\/2025\/05\/oficina-1024x683.jpg 1024w, https:\/\/instantlegal.es\/wp-content\/uploads\/2025\/05\/oficina-768x513.jpg 768w, https:\/\/instantlegal.es\/wp-content\/uploads\/2025\/05\/oficina-1536x1025.jpg 1536w, https:\/\/instantlegal.es\/wp-content\/uploads\/2025\/05\/oficina-2048x1367.jpg 2048w\" sizes=\"(max-width: 2560px) 100vw, 2560px\" \/>\t\t\t\t\t\t\t\t\t\t\t\t\t\t\t<\/div>\n\t\t\t\t<\/div>\n\t\t<div class=\"elementor-element elementor-element-23a5ba0 e-con-full e-flex e-con e-child\" data-id=\"23a5ba0\" data-element_type=\"container\">\n\t\t\t\t<div class=\"elementor-element elementor-element-9693afb elementor-widget elementor-widget-heading\" data-id=\"9693afb\" data-element_type=\"widget\" data-widget_type=\"heading.default\">\n\t\t\t\t<div class=\"elementor-widget-container\">\n\t\t\t\t\t<h2 class=\"elementor-heading-title elementor-size-default\">Specialists in foreign affairs and immigration services.<\/h2>\t\t\t\t<\/div>\n\t\t\t\t<\/div>\n\t\t\t\t<div class=\"elementor-element elementor-element-ce594d1 elementor-widget elementor-widget-text-editor\" data-id=\"ce594d1\" data-element_type=\"widget\" data-widget_type=\"text-editor.default\">\n\t\t\t\t<div class=\"elementor-widget-container\">\n\t\t\t\t\t\t\t\t\t<p>We have extensive experience in processing all types of residence permits and Spanish nationality.<\/p>\t\t\t\t\t\t\t\t<\/div>\n\t\t\t\t<\/div>\n\t\t\t\t<\/div>\n\t\t\t\t\t<\/div>\n\t\t\t\t<\/div>\n\t\t<div class=\"elementor-element elementor-element-ec37b69 e-flex e-con-boxed e-con e-parent\" data-id=\"ec37b69\" data-element_type=\"container\" data-settings=\"{&quot;background_background&quot;:&quot;classic&quot;}\">\n\t\t\t\t\t<div class=\"e-con-inner\">\n\t\t<div class=\"elementor-element elementor-element-bcfb490 e-con-full e-flex e-con e-child\" data-id=\"bcfb490\" data-element_type=\"container\">\n\t\t\t\t<div class=\"elementor-element elementor-element-0e84539 elementor-widget elementor-widget-heading\" data-id=\"0e84539\" data-element_type=\"widget\" data-widget_type=\"heading.default\">\n\t\t\t\t<div class=\"elementor-widget-container\">\n\t\t\t\t\t<h2 class=\"elementor-heading-title elementor-size-default\">Tax, labor and accounting management<\/h2>\t\t\t\t<\/div>\n\t\t\t\t<\/div>\n\t\t\t\t<div class=\"elementor-element elementor-element-45cbc87 elementor-widget elementor-widget-text-editor\" data-id=\"45cbc87\" data-element_type=\"widget\" data-widget_type=\"text-editor.default\">\n\t\t\t\t<div class=\"elementor-widget-container\">\n\t\t\t\t\t\t\t\t\t<p>Experts in tax, labor, and accounting advice for businesses and individuals. We optimize your management with personalized, efficient, and reliable service.<\/p><p>\u00a0<\/p><p>\u00a0<\/p><p>\u00a0<\/p><p>\u00a0<\/p>\t\t\t\t\t\t\t\t<\/div>\n\t\t\t\t<\/div>\n\t\t\t\t<\/div>\n\t\t\t\t<div class=\"elementor-element elementor-element-d6b9a3a elementor-widget__width-initial elementor-widget-tablet__width-inherit elementor-invisible elementor-widget elementor-widget-image\" data-id=\"d6b9a3a\" data-element_type=\"widget\" data-settings=\"{&quot;_animation&quot;:&quot;fadeInRight&quot;}\" data-widget_type=\"image.default\">\n\t\t\t\t<div class=\"elementor-widget-container\">\n\t\t\t\t\t\t\t\t\t\t\t\t\t\t\t<img decoding=\"async\" width=\"825\" height=\"699\" src=\"https:\/\/instantlegal.es\/wp-content\/uploads\/2025\/02\/Gestoria-min.png\" class=\"attachment-full size-full wp-image-52\" alt=\"dos manos tocando una tarjeta de presentaci\u00f3n que dice instant legal\" srcset=\"https:\/\/instantlegal.es\/wp-content\/uploads\/2025\/02\/Gestoria-min.png 825w, https:\/\/instantlegal.es\/wp-content\/uploads\/2025\/02\/Gestoria-min-300x254.png 300w, https:\/\/instantlegal.es\/wp-content\/uploads\/2025\/02\/Gestoria-min-768x651.png 768w\" sizes=\"(max-width: 825px) 100vw, 825px\" \/>\t\t\t\t\t\t\t\t\t\t\t\t\t\t\t<\/div>\n\t\t\t\t<\/div>\n\t\t\t\t\t<\/div>\n\t\t\t\t<\/div>\n\t\t<div class=\"elementor-element elementor-element-2199845 e-flex e-con-boxed e-con e-parent\" data-id=\"2199845\" data-element_type=\"container\" data-settings=\"{&quot;background_background&quot;:&quot;classic&quot;}\">\n\t\t\t\t\t<div class=\"e-con-inner\">\n\t\t<div class=\"elementor-element elementor-element-fe704f2 e-con-full e-flex elementor-invisible e-con e-child\" data-id=\"fe704f2\" data-element_type=\"container\" data-settings=\"{&quot;animation&quot;:&quot;fadeIn&quot;}\">\n\t\t\t\t<div class=\"elementor-element elementor-element-3800036 elementor-widget elementor-widget-heading\" data-id=\"3800036\" data-element_type=\"widget\" data-widget_type=\"heading.default\">\n\t\t\t\t<div class=\"elementor-widget-container\">\n\t\t\t\t\t<h2 class=\"elementor-heading-title elementor-size-default\">Ensure the success and sustainability of your business with impeccable tax management.<\/h2>\t\t\t\t<\/div>\n\t\t\t\t<\/div>\n\t\t\t\t<div class=\"elementor-element elementor-element-27ee29c elementor-widget elementor-widget-text-editor\" data-id=\"27ee29c\" data-element_type=\"widget\" data-widget_type=\"text-editor.default\">\n\t\t\t\t<div class=\"elementor-widget-container\">\n\t\t\t\t\t\t\t\t\t<p>Contact us today and let us be your partner on the path to business success!<\/p>\t\t\t\t\t\t\t\t<\/div>\n\t\t\t\t<\/div>\n\t\t\t\t<div class=\"elementor-element elementor-element-a86f236 elementor-widget elementor-widget-button\" data-id=\"a86f236\" data-element_type=\"widget\" data-widget_type=\"button.default\">\n\t\t\t\t<div class=\"elementor-widget-container\">\n\t\t\t\t\t\t\t\t\t<div class=\"elementor-button-wrapper\">\n\t\t\t\t\t<a class=\"elementor-button elementor-button-link elementor-size-sm\" href=\"https:\/\/instantlegal.es\/en\/contacto\/\">\n\t\t\t\t\t\t<span class=\"elementor-button-content-wrapper\">\n\t\t\t\t\t\t\t\t\t<span class=\"elementor-button-text\">Contact now!<\/span>\n\t\t\t\t\t<\/span>\n\t\t\t\t\t<\/a>\n\t\t\t\t<\/div>\n\t\t\t\t\t\t\t\t<\/div>\n\t\t\t\t<\/div>\n\t\t\t\t<\/div>\n\t\t\t\t\t<\/div>\n\t\t\t\t<\/div>\n\t\t<div class=\"elementor-element elementor-element-d4ec97b e-flex e-con-boxed e-con e-parent\" data-id=\"d4ec97b\" data-element_type=\"container\" data-settings=\"{&quot;background_background&quot;:&quot;classic&quot;}\">\n\t\t\t\t\t<div class=\"e-con-inner\">\n\t\t\t\t<div class=\"elementor-element elementor-element-97f93de elementor-widget__width-initial elementor-widget-tablet__width-inherit elementor-invisible elementor-widget elementor-widget-image\" data-id=\"97f93de\" data-element_type=\"widget\" data-settings=\"{&quot;_animation&quot;:&quot;fadeInLeft&quot;}\" data-widget_type=\"image.default\">\n\t\t\t\t<div class=\"elementor-widget-container\">\n\t\t\t\t\t\t\t\t\t\t\t\t\t\t\t<img decoding=\"async\" width=\"2560\" height=\"1707\" src=\"https:\/\/instantlegal.es\/wp-content\/uploads\/2025\/05\/finance-7529921-scaled.jpg\" class=\"attachment-full size-full wp-image-378\" alt=\"\" srcset=\"https:\/\/instantlegal.es\/wp-content\/uploads\/2025\/05\/finance-7529921-scaled.jpg 2560w, https:\/\/instantlegal.es\/wp-content\/uploads\/2025\/05\/finance-7529921-300x200.jpg 300w, https:\/\/instantlegal.es\/wp-content\/uploads\/2025\/05\/finance-7529921-1024x683.jpg 1024w, https:\/\/instantlegal.es\/wp-content\/uploads\/2025\/05\/finance-7529921-768x512.jpg 768w, https:\/\/instantlegal.es\/wp-content\/uploads\/2025\/05\/finance-7529921-1536x1024.jpg 1536w, https:\/\/instantlegal.es\/wp-content\/uploads\/2025\/05\/finance-7529921-2048x1365.jpg 2048w\" sizes=\"(max-width: 2560px) 100vw, 2560px\" \/>\t\t\t\t\t\t\t\t\t\t\t\t\t\t\t<\/div>\n\t\t\t\t<\/div>\n\t\t<div class=\"elementor-element elementor-element-ad5751d e-con-full e-flex e-con e-child\" data-id=\"ad5751d\" data-element_type=\"container\">\n\t\t\t\t<div class=\"elementor-element elementor-element-e17b0bb elementor-widget elementor-widget-heading\" data-id=\"e17b0bb\" data-element_type=\"widget\" data-widget_type=\"heading.default\">\n\t\t\t\t<div class=\"elementor-widget-container\">\n\t\t\t\t\t<h2 class=\"elementor-heading-title elementor-size-default\">An innovative proposal for companies\n<\/h2>\t\t\t\t<\/div>\n\t\t\t\t<\/div>\n\t\t\t\t<div class=\"elementor-element elementor-element-17536cb elementor-widget elementor-widget-text-editor\" data-id=\"17536cb\" data-element_type=\"widget\" data-widget_type=\"text-editor.default\">\n\t\t\t\t<div class=\"elementor-widget-container\">\n\t\t\t\t\t\t\t\t\t<p>We have a wide variety of top-quality services at your fingertips, so you can focus on what's important: your business.<\/p>\t\t\t\t\t\t\t\t<\/div>\n\t\t\t\t<\/div>\n\t\t\t\t<\/div>\n\t\t\t\t\t<\/div>\n\t\t\t\t<\/div>\n\t\t<div class=\"elementor-element elementor-element-4f31e01 e-flex e-con-boxed e-con e-parent\" data-id=\"4f31e01\" data-element_type=\"container\" data-settings=\"{&quot;background_background&quot;:&quot;classic&quot;}\">\n\t\t\t\t\t<div class=\"e-con-inner\">\n\t\t<div class=\"elementor-element elementor-element-2b445fb e-con-full e-flex elementor-invisible e-con e-child\" data-id=\"2b445fb\" data-element_type=\"container\" data-settings=\"{&quot;animation&quot;:&quot;fadeIn&quot;}\">\n\t\t\t\t<div class=\"elementor-element elementor-element-8660adc elementor-widget elementor-widget-heading\" data-id=\"8660adc\" data-element_type=\"widget\" data-widget_type=\"heading.default\">\n\t\t\t\t<div class=\"elementor-widget-container\">\n\t\t\t\t\t<h2 class=\"elementor-heading-title elementor-size-default\">Comprehensive solutions<\/h2>\t\t\t\t<\/div>\n\t\t\t\t<\/div>\n\t\t\t\t<div class=\"elementor-element elementor-element-2ad6c70 elementor-widget elementor-widget-text-editor\" data-id=\"2ad6c70\" data-element_type=\"widget\" data-widget_type=\"text-editor.default\">\n\t\t\t\t<div class=\"elementor-widget-container\">\n\t\t\t\t\t\t\t\t\t<p>The comprehensive solution your company needs with advice and direct communication with our experts<\/p>\t\t\t\t\t\t\t\t<\/div>\n\t\t\t\t<\/div>\n\t\t\t\t<div class=\"elementor-element elementor-element-1594017 elementor-widget elementor-widget-button\" data-id=\"1594017\" data-element_type=\"widget\" data-widget_type=\"button.default\">\n\t\t\t\t<div class=\"elementor-widget-container\">\n\t\t\t\t\t\t\t\t\t<div class=\"elementor-button-wrapper\">\n\t\t\t\t\t<a class=\"elementor-button elementor-button-link elementor-size-sm\" href=\"https:\/\/instantlegal.es\/en\/contacto\/\">\n\t\t\t\t\t\t<span class=\"elementor-button-content-wrapper\">\n\t\t\t\t\t\t\t\t\t<span class=\"elementor-button-text\">CONTACT<\/span>\n\t\t\t\t\t<\/span>\n\t\t\t\t\t<\/a>\n\t\t\t\t<\/div>\n\t\t\t\t\t\t\t\t<\/div>\n\t\t\t\t<\/div>\n\t\t\t\t<\/div>\n\t\t\t\t\t<\/div>\n\t\t\t\t<\/div>\n\t\t\t\t<\/div>","protected":false},"excerpt":{"rendered":"<p>Servicios jur\u00eddicos al instante Sue\u00f1a a lo grande, te cubrimos las espaldas Especialistas en servicios de extranjer\u00eda e inmigraci\u00f3n. Contamos con amplia experiencia en tramitaciones de todo tipo de autorizaciones de residencia y nacionalidad espa\u00f1ola. Gestor\u00eda fiscal, laboral y contable Expertos en asesoramiento fiscal, laboral y contable para empresas y particulares. Optimizamos tu gesti\u00f3n con [&hellip;]<\/p>","protected":false},"author":1,"featured_media":0,"parent":0,"menu_order":0,"comment_status":"closed","ping_status":"closed","template":"","meta":{"_acf_changed":false,"footnotes":""},"class_list":["post-10","page","type-page","status-publish","hentry"],"acf":[],"_links":{"self":[{"href":"https:\/\/instantlegal.es\/en\/wp-json\/wp\/v2\/pages\/10","targetHints":{"allow":["GET"]}}],"collection":[{"href":"https:\/\/instantlegal.es\/en\/wp-json\/wp\/v2\/pages"}],"about":[{"href":"https:\/\/instantlegal.es\/en\/wp-json\/wp\/v2\/types\/page"}],"author":[{"embeddable":true,"href":"https:\/\/instantlegal.es\/en\/wp-json\/wp\/v2\/users\/1"}],"replies":[{"embeddable":true,"href":"https:\/\/instantlegal.es\/en\/wp-json\/wp\/v2\/comments?post=10"}],"version-history":[{"count":40,"href":"https:\/\/instantlegal.es\/en\/wp-json\/wp\/v2\/pages\/10\/revisions"}],"predecessor-version":[{"id":493,"href":"https:\/\/instantlegal.es\/en\/wp-json\/wp\/v2\/pages\/10\/revisions\/493"}],"wp:attachment":[{"href":"https:\/\/instantlegal.es\/en\/wp-json\/wp\/v2\/media?parent=10"}],"curies":[{"name":"wp","href":"https:\/\/api.w.org\/{rel}","templated":true}]}}